{"id":30,"date":"2023-12-17T23:01:58","date_gmt":"2023-12-17T22:01:58","guid":{"rendered":"https:\/\/schnell-es.de\/?page_id=30"},"modified":"2024-07-30T19:18:52","modified_gmt":"2024-07-30T17:18:52","slug":"impressum","status":"publish","type":"page","link":"https:\/\/schnell-es.de\/en\/impressum\/","title":{"rendered":"Imprint"},"content":{"rendered":"<style>.kb-row-layout-id30_e338cb-ad > .kt-row-column-wrap{align-content:center;}:where(.kb-row-layout-id30_e338cb-ad > .kt-row-column-wrap) > .wp-block-kadence-column{justify-content:center;}.kb-row-layout-id30_e338cb-ad > .kt-row-column-wrap{column-gap:var(--global-kb-gap-md, 2rem);row-gap:var(--global-kb-gap-md, 2rem);max-width:900px;margin-left:auto;margin-right:auto;padding-top:12rem;padding-bottom:6rem;grid-template-columns:minmax(0, 1fr);}.kb-row-layout-id30_e338cb-ad{border-top:0px solid transparent;border-right:0px solid transparent;border-bottom:0px solid var(--global-palette3, #1A202C);border-left:0px solid transparent;}.kb-row-layout-id30_e338cb-ad > .kt-row-layout-overlay{opacity:0.00;mix-blend-mode:normal;}.kb-row-layout-id30_e338cb-ad .kt-row-layout-bottom-sep{height:12px;}.kb-row-layout-id30_e338cb-ad .kt-row-layout-bottom-sep svg{width:100%;}.kb-row-layout-id30_e338cb-ad .kt-row-layout-bottom-sep svg{fill:var(--global-palette9, #ffffff)!important;}@media all and (max-width: 1024px){.kb-row-layout-id30_e338cb-ad > .kt-row-column-wrap{grid-template-columns:minmax(0, 1fr);}}@media all and (max-width: 1024px){.kb-row-layout-id30_e338cb-ad{border-top:0px solid transparent;border-right:0px solid transparent;border-bottom:0px solid var(--global-palette3, #1A202C);border-left:0px solid transparent;}}@media all and (max-width: 1024px){.kb-row-layout-id30_e338cb-ad .kt-row-layout-bottom-sep{height:px;}}@media all and (max-width: 1024px){.kb-row-layout-id30_e338cb-ad .kt-row-layout-bottom-sep svg{width:%;}}@media all and (max-width: 767px){.kb-row-layout-id30_e338cb-ad > .kt-row-column-wrap{padding-top:10rem;padding-bottom:4rem;grid-template-columns:minmax(0, 1fr);}.kb-row-layout-id30_e338cb-ad{border-top:0px solid transparent;border-right:0px solid transparent;border-bottom:0px solid var(--global-palette3, #1A202C);border-left:0px solid transparent;}.kb-row-layout-id30_e338cb-ad .kt-row-layout-bottom-sep{height:px;}.kb-row-layout-id30_e338cb-ad .kt-row-layout-bottom-sep svg{width:%;}}<\/style><div class=\"kb-row-layout-wrap kb-row-layout-id30_e338cb-ad alignfull has-theme-palette7-background-color kt-row-has-bg kb-divider-static wp-block-kadence-rowlayout\"><div class=\"kt-row-column-wrap kt-has-1-columns kt-row-layout-equal kt-tab-layout-inherit kt-mobile-layout-row kt-row-valign-middle\">\n<style>.kadence-column30_564996-21 > .kt-inside-inner-col,.kadence-column30_564996-21 > .kt-inside-inner-col:before{border-top-left-radius:0px;border-top-right-radius:0px;border-bottom-right-radius:0px;border-bottom-left-radius:0px;}.kadence-column30_564996-21 > .kt-inside-inner-col{column-gap:var(--global-kb-gap-sm, 1rem);}.kadence-column30_564996-21 > .kt-inside-inner-col{flex-direction:column;}.kadence-column30_564996-21 > .kt-inside-inner-col > .aligncenter{width:100%;}.kadence-column30_564996-21 > .kt-inside-inner-col:before{opacity:0.3;}.kadence-column30_564996-21{text-align:center;}.kadence-column30_564996-21{position:relative;}@media all and (max-width: 1024px){.kadence-column30_564996-21 > .kt-inside-inner-col{flex-direction:column;justify-content:center;}}@media all and (max-width: 767px){.kadence-column30_564996-21 > .kt-inside-inner-col{flex-direction:column;justify-content:center;}}<\/style>\n<div class=\"wp-block-kadence-column kadence-column30_564996-21 inner-column-1\"><div class=\"kt-inside-inner-col\"><style>.wp-block-kadence-advancedheading.kt-adv-heading30_9763ee-c9, .wp-block-kadence-advancedheading.kt-adv-heading30_9763ee-c9[data-kb-block=\"kb-adv-heading30_9763ee-c9\"]{padding-top:0px;margin-top:0px;margin-bottom:var(--global-kb-spacing-xxs, 0.5rem);text-align:center;font-style:normal;}.wp-block-kadence-advancedheading.kt-adv-heading30_9763ee-c9 mark.kt-highlight, .wp-block-kadence-advancedheading.kt-adv-heading30_9763ee-c9[data-kb-block=\"kb-adv-heading30_9763ee-c9\"] mark.kt-highlight{font-style:normal;-webkit-box-decoration-break:clone;box-decoration-break:clone;padding-top:0px;padding-right:0px;padding-bottom:0px;padding-left:0px;}.wp-block-kadence-advancedheading.kt-adv-heading30_9763ee-c9 img.kb-inline-image, .wp-block-kadence-advancedheading.kt-adv-heading30_9763ee-c9[data-kb-block=\"kb-adv-heading30_9763ee-c9\"] img.kb-inline-image{width:150px;vertical-align:baseline;}<\/style>\n<h1 class=\"kt-adv-heading30_9763ee-c9 wp-block-kadence-advancedheading\" data-kb-block=\"kb-adv-heading30_9763ee-c9\">Impressum<\/h1>\n<\/div><\/div>\n\n<\/div><\/div>\n\n<style>.kb-row-layout-id30_bc7264-47 > .kt-row-column-wrap{align-content:start;}:where(.kb-row-layout-id30_bc7264-47 > .kt-row-column-wrap) > .wp-block-kadence-column{justify-content:start;}.kb-row-layout-id30_bc7264-47 > .kt-row-column-wrap{column-gap:var(--global-kb-gap-none, 0rem );row-gap:var(--global-kb-gap-md, 2rem);max-width:var( --global-content-width, 1400px );padding-left:var(--global-content-edge-padding);padding-right:var(--global-content-edge-padding);padding-top:var(--global-kb-spacing-4xl, 8rem);padding-right:0px;padding-bottom:var(--global-kb-spacing-4xl, 8rem);padding-left:0px;grid-template-columns:minmax(0, 1fr);}.kb-row-layout-id30_bc7264-47 > .kt-row-layout-overlay{opacity:0.30;}@media all and (max-width: 1024px){.kb-row-layout-id30_bc7264-47 > .kt-row-column-wrap{column-gap:var(--global-kb-gap-lg, 4rem);row-gap:var(--global-kb-gap-lg, 4rem);grid-template-columns:minmax(0, 1fr);}}@media all and (max-width: 767px){.kb-row-layout-id30_bc7264-47 > .kt-row-column-wrap{padding-top:var(--global-kb-spacing-3xl, 6.5rem);padding-bottom:var(--global-kb-spacing-3xl, 6.5rem);grid-template-columns:minmax(0, 1fr);}}<\/style><div class=\"kb-row-layout-wrap kb-row-layout-id30_bc7264-47 alignnone wp-block-kadence-rowlayout\"><div class=\"kt-row-column-wrap kt-has-1-columns kt-row-layout-equal kt-tab-layout-inherit kt-mobile-layout-row kt-row-valign-top kb-theme-content-width\">\n<style>.kadence-column30_40c38f-b1 > .kt-inside-inner-col,.kadence-column30_40c38f-b1 > .kt-inside-inner-col:before{border-top-left-radius:0px;border-top-right-radius:0px;border-bottom-right-radius:0px;border-bottom-left-radius:0px;}.kadence-column30_40c38f-b1 > .kt-inside-inner-col{column-gap:var(--global-kb-gap-sm, 1rem);}.kadence-column30_40c38f-b1 > .kt-inside-inner-col{flex-direction:column;}.kadence-column30_40c38f-b1 > .kt-inside-inner-col > .aligncenter{width:100%;}.kadence-column30_40c38f-b1 > .kt-inside-inner-col:before{opacity:0.3;}.kadence-column30_40c38f-b1{position:relative;}@media all and (max-width: 1024px){.kadence-column30_40c38f-b1 > .kt-inside-inner-col{flex-direction:column;justify-content:center;}}@media all and (max-width: 767px){.kadence-column30_40c38f-b1 > .kt-inside-inner-col{flex-direction:column;justify-content:center;}}<\/style>\n<div class=\"wp-block-kadence-column kadence-column30_40c38f-b1\"><div class=\"kt-inside-inner-col\">\n<p>SES \u2013 SCHNELL EVENT-SERVICES<br>Inhaber Tobias Schnell<br>Tarpenbekstra\u00dfe 58<br>20251 Hamburg<\/p>\n\n\n<style>.wp-block-kadence-advancedheading.kt-adv-heading30_8e03fe-fa, .wp-block-kadence-advancedheading.kt-adv-heading30_8e03fe-fa[data-kb-block=\"kb-adv-heading30_8e03fe-fa\"]{font-size:1.75rem;font-style:normal;}.wp-block-kadence-advancedheading.kt-adv-heading30_8e03fe-fa mark.kt-highlight, .wp-block-kadence-advancedheading.kt-adv-heading30_8e03fe-fa[data-kb-block=\"kb-adv-heading30_8e03fe-fa\"] mark.kt-highlight{font-style:normal;color:#f76a0c;-webkit-box-decoration-break:clone;box-decoration-break:clone;padding-top:0px;padding-right:0px;padding-bottom:0px;padding-left:0px;}.wp-block-kadence-advancedheading.kt-adv-heading30_8e03fe-fa img.kb-inline-image, .wp-block-kadence-advancedheading.kt-adv-heading30_8e03fe-fa[data-kb-block=\"kb-adv-heading30_8e03fe-fa\"] img.kb-inline-image{width:150px;vertical-align:baseline;}@media all and (max-width: 767px){.wp-block-kadence-advancedheading.kt-adv-heading30_8e03fe-fa, .wp-block-kadence-advancedheading.kt-adv-heading30_8e03fe-fa[data-kb-block=\"kb-adv-heading30_8e03fe-fa\"]{font-size:1.5rem;}}<\/style>\n<h2 class=\"kt-adv-heading30_8e03fe-fa wp-block-kadence-advancedheading\" data-kb-block=\"kb-adv-heading30_8e03fe-fa\">Kontakt<\/h2>\n\n\n\n<p>Telefon: +494064 85 59 10<br>Mobil: +49 1 77 27 60 777<br>Telefax: +49 40 35 67 46 16<br>E-Mail: action@schnell-es.de<\/p>\n\n\n\n<p>Umsatzsteuer-Identifikationsnummer gem\u00e4\u00df \u00a727 a Umsatzsteuergesetz: DE271464315<\/p>\n\n\n<style>.wp-block-kadence-advancedheading.kt-adv-heading30_e0365e-94, .wp-block-kadence-advancedheading.kt-adv-heading30_e0365e-94[data-kb-block=\"kb-adv-heading30_e0365e-94\"]{font-size:1.75rem;font-style:normal;}.wp-block-kadence-advancedheading.kt-adv-heading30_e0365e-94 mark.kt-highlight, .wp-block-kadence-advancedheading.kt-adv-heading30_e0365e-94[data-kb-block=\"kb-adv-heading30_e0365e-94\"] mark.kt-highlight{font-style:normal;color:#f76a0c;-webkit-box-decoration-break:clone;box-decoration-break:clone;padding-top:0px;padding-right:0px;padding-bottom:0px;padding-left:0px;}.wp-block-kadence-advancedheading.kt-adv-heading30_e0365e-94 img.kb-inline-image, .wp-block-kadence-advancedheading.kt-adv-heading30_e0365e-94[data-kb-block=\"kb-adv-heading30_e0365e-94\"] img.kb-inline-image{width:150px;vertical-align:baseline;}@media all and (max-width: 767px){.wp-block-kadence-advancedheading.kt-adv-heading30_e0365e-94, .wp-block-kadence-advancedheading.kt-adv-heading30_e0365e-94[data-kb-block=\"kb-adv-heading30_e0365e-94\"]{font-size:1.5rem;}}<\/style>\n<h2 class=\"kt-adv-heading30_e0365e-94 wp-block-kadence-advancedheading\" data-kb-block=\"kb-adv-heading30_e0365e-94\">Urheberrecht<\/h2>\n\n\n\n<p>Die durch die Seitenbetreiber erstellten Inhalte und Werke auf diesen Seiten unterliegen dem deutschen Urheberrecht. Die Vervielf\u00e4ltigung, Bearbeitung, Verbreitung und jede Art der Verwertung au\u00dferhalb der Grenzen des Urheberrechtes bed\u00fcrfen der schriftlichen Zustimmung des jeweiligen Autors bzw. Erstellers. Downloads und Kopien dieser Seite sind nur f\u00fcr den privaten, nicht kommerziellen Gebrauch gestattet.<\/p>\n\n\n\n<p>Soweit die Inhalte auf dieser Seite nicht vom Betreiber erstellt wurden, werden die Urheberrechte Dritter beachtet. Insbesondere werden Inhalte Dritter als solche gekennzeichnet. Sollten Sie trotzdem auf eine Urheberrechtsverletzung aufmerksam werden, bitten wir um einen entsprechenden Hinweis. Bei Bekanntwerden von Rechtsverletzungen werden wir derartige Inhalte umgehend entfernen.<\/p>\n\n\n\n<p style=\"margin-top:var(--wp--preset--spacing--80)\">Stand: Juli 2024<\/p>\n<\/div><\/div>\n\n<\/div><\/div>","protected":false},"excerpt":{"rendered":"<p>Impressum SES \u2013 SCHNELL EVENT-SERVICESInhaber Tobias SchnellTarpenbekstra\u00dfe 5820251 Hamburg Kontakt Telefon: +494064 85 59 10Mobil: +49 1 77 27 60 777Telefax: +49 40 35 67 46 16E-Mail: action@schnell-es.de Umsatzsteuer-Identifikationsnummer gem\u00e4\u00df \u00a727 a Umsatzsteuergesetz: DE271464315 Urheberrecht Die durch die Seitenbetreiber erstellten Inhalte und Werke auf diesen Seiten unterliegen dem deutschen Urheberrecht. Die Vervielf\u00e4ltigung, Bearbeitung, Verbreitung und&#8230;<\/p>","protected":false},"author":1,"featured_media":0,"parent":0,"menu_order":0,"comment_status":"closed","ping_status":"closed","template":"","meta":{"_kad_blocks_custom_css":"","_kad_blocks_head_custom_js":"","_kad_blocks_body_custom_js":"","_kad_blocks_footer_custom_js":"","_kad_post_transparent":"","_kad_post_title":"","_kad_post_layout":"narrow","_kad_post_sidebar_id":"","_kad_post_content_style":"","_kad_post_vertical_padding":"","_kad_post_feature":"","_kad_post_feature_position":"","_kad_post_header":false,"_kad_post_footer":false,"_kad_post_classname":"","footnotes":""},"class_list":["post-30","page","type-page","status-publish","hentry"],"taxonomy_info":[],"featured_image_src_large":false,"author_info":{"display_name":"anja","author_link":"https:\/\/schnell-es.de\/en\/author\/anja\/"},"comment_info":0,"_links":{"self":[{"href":"https:\/\/schnell-es.de\/en\/wp-json\/wp\/v2\/pages\/30","targetHints":{"allow":["GET"]}}],"collection":[{"href":"https:\/\/schnell-es.de\/en\/wp-json\/wp\/v2\/pages"}],"about":[{"href":"https:\/\/schnell-es.de\/en\/wp-json\/wp\/v2\/types\/page"}],"author":[{"embeddable":true,"href":"https:\/\/schnell-es.de\/en\/wp-json\/wp\/v2\/users\/1"}],"replies":[{"embeddable":true,"href":"https:\/\/schnell-es.de\/en\/wp-json\/wp\/v2\/comments?post=30"}],"version-history":[{"count":0,"href":"https:\/\/schnell-es.de\/en\/wp-json\/wp\/v2\/pages\/30\/revisions"}],"wp:attachment":[{"href":"https:\/\/schnell-es.de\/en\/wp-json\/wp\/v2\/media?parent=30"}],"curies":[{"name":"wp","href":"https:\/\/api.w.org\/{rel}","templated":true}]}}